{"id":26,"date":"2020-02-12T10:07:08","date_gmt":"2020-02-12T10:07:08","guid":{"rendered":"https:\/\/anstrichschleck.be\/cms\/?page_id=26"},"modified":"2020-05-05T14:07:10","modified_gmt":"2020-05-05T14:07:10","slug":"home","status":"publish","type":"page","link":"https:\/\/anstrichschleck.be\/cms\/","title":{"rendered":"HOME"},"content":{"rendered":"<div id='full_slider_1'  class='avia-fullwidth-slider main_color avia-shadow   avia-builder-el-0  el_before_av_one_full  avia-builder-el-first   container_wrap fullsize'  ><div  class='avia-slideshow av-k6j61l5w-6d6117b8c0ea2fdfa0b5cca57c717484 avia-slideshow-featured av_slideshow_full avia-slide-slider av-slideshow-ui av-control-default av-slideshow-autoplay av-loop-endless av-loop-manual-endless av-default-height-applied   avia-slideshow-1' data-slideshow-options=\"{&quot;animation&quot;:&quot;slide&quot;,&quot;autoplay&quot;:true,&quot;loop_autoplay&quot;:&quot;endless&quot;,&quot;interval&quot;:4,&quot;loop_manual&quot;:&quot;manual-endless&quot;,&quot;autoplay_stopper&quot;:false,&quot;noNavigation&quot;:false,&quot;bg_slider&quot;:false,&quot;keep_padding&quot;:false,&quot;hoverpause&quot;:false,&quot;show_slide_delay&quot;:0}\"  itemprop=\"image\" itemscope=\"itemscope\" itemtype=\"https:\/\/schema.org\/ImageObject\" ><ul class='avia-slideshow-inner ' style='padding-bottom: 28.666666666667%;'><li  class='avia-slideshow-slide av-k6j61l5w-6d6117b8c0ea2fdfa0b5cca57c717484__0  slide-1 slide-odd'><div data-rel='slideshow-1' class='avia-slide-wrap '   ><img class=\"wp-image-263 avia-img-lazy-loading-not-263\"  src='https:\/\/anstrichschleck.be\/cms\/wp-content\/uploads\/2020\/02\/SCHLECKmarkus_slider_ausstellungsraum-1-1500x430.jpg' width='1500' height='430' title='' alt=''  itemprop=\"thumbnailUrl\"   \/><\/div><\/li><li  class='avia-slideshow-slide av-k6j61l5w-6d6117b8c0ea2fdfa0b5cca57c717484__1  slide-2 slide-even'><div data-rel='slideshow-1' class='avia-slide-wrap '   ><img class=\"wp-image-260 avia-img-lazy-loading-not-260\"  src='https:\/\/anstrichschleck.be\/cms\/wp-content\/uploads\/2020\/02\/SCHLECKmarkus_slider_uber_uns-1-1500x430.jpg' width='1500' height='430' title='' alt=''  itemprop=\"thumbnailUrl\"   \/><\/div><\/li><li  class='avia-slideshow-slide av-k6j61l5w-6d6117b8c0ea2fdfa0b5cca57c717484__2  slide-3 slide-odd'><div data-rel='slideshow-1' class='avia-slide-wrap '   ><img class=\"wp-image-119 avia-img-lazy-loading-not-119\"  src='https:\/\/anstrichschleck.be\/cms\/wp-content\/uploads\/2020\/02\/slide6-1500x430.jpg' width='1500' height='430' title='' alt=''  itemprop=\"thumbnailUrl\"   \/><\/div><\/li><li  class='avia-slideshow-slide av-k6j61l5w-6d6117b8c0ea2fdfa0b5cca57c717484__3  slide-4 slide-even'><div data-rel='slideshow-1' class='avia-slide-wrap '   ><img class=\"wp-image-156 avia-img-lazy-loading-not-156\"  src='https:\/\/anstrichschleck.be\/cms\/wp-content\/uploads\/2020\/02\/slide_fugenlos_2-1500x430.jpg' width='1500' height='430' title='' alt=''  itemprop=\"thumbnailUrl\"   \/><\/div><\/li><li  class='avia-slideshow-slide av-k6j61l5w-6d6117b8c0ea2fdfa0b5cca57c717484__4  slide-5 slide-odd'><div data-rel='slideshow-1' class='avia-slide-wrap '   ><img class=\"wp-image-351 avia-img-lazy-loading-not-351\"  src='https:\/\/anstrichschleck.be\/cms\/wp-content\/uploads\/2020\/03\/SLIDER_techniken-1-1500x430.jpg' width='1500' height='430' title='' alt=''  itemprop=\"thumbnailUrl\"   \/><\/div><\/li><\/ul><div class='avia-slideshow-arrows avia-slideshow-controls' ><a href='#prev' class='prev-slide ' aria-hidden='true' data-av_icon='\ue87c' data-av_iconfont='entypo-fontello'  tabindex='-1'>Zur\u00fcck<\/a><a href='#next' class='next-slide ' aria-hidden='true' data-av_icon='\ue87d' data-av_iconfont='entypo-fontello'  tabindex='-1'>Weiter<\/a><\/div><div class='avia-slideshow-dots avia-slideshow-controls'><a href='#1' class='goto-slide active' >1<\/a><a href='#2' class='goto-slide ' >2<\/a><a href='#3' class='goto-slide ' >3<\/a><a href='#4' class='goto-slide ' >4<\/a><a href='#5' class='goto-slide ' >5<\/a><\/div><\/div><\/div><div id='after_full_slider_1'  class='main_color av_default_container_wrap container_wrap fullsize'  ><div class='container av-section-cont-open' ><div class='template-page content  av-content-full alpha units'><div class='post-entry post-entry-type-page post-entry-26'><div class='entry-content-wrapper clearfix'>\n\n<style type=\"text\/css\" data-created_by=\"avia_inline_auto\" id=\"style-css-av-161iu-d494651b9848506b23f0cef6dc7434e7\">\n.flex_column.av-161iu-d494651b9848506b23f0cef6dc7434e7{\n-webkit-border-radius:0px 0px 0px 0px;\n-moz-border-radius:0px 0px 0px 0px;\nborder-radius:0px 0px 0px 0px;\npadding:0px 0px 0px 0px;\n}\n<\/style>\n<div class='flex_column av-161iu-d494651b9848506b23f0cef6dc7434e7 av_one_full  avia-builder-el-1  el_after_av_slideshow_full  avia-builder-el-no-sibling  first flex_column_div av-zero-column-padding '     ><p>\n<style type=\"text\/css\" data-created_by=\"avia_inline_auto\" id=\"style-css-av-k9twbzmu-e6f6652a48ef81276ca8490f5c040abe\">\n#top .av-special-heading.av-k9twbzmu-e6f6652a48ef81276ca8490f5c040abe{\npadding-bottom:10px;\n}\nbody .av-special-heading.av-k9twbzmu-e6f6652a48ef81276ca8490f5c040abe .av-special-heading-tag .heading-char{\nfont-size:25px;\n}\n.av-special-heading.av-k9twbzmu-e6f6652a48ef81276ca8490f5c040abe .av-subheading{\nfont-size:15px;\n}\n<\/style>\n<div  class='av-special-heading av-k9twbzmu-e6f6652a48ef81276ca8490f5c040abe av-special-heading-h1  avia-builder-el-2  el_before_av_textblock  avia-builder-el-first '><h1 class='av-special-heading-tag'  itemprop=\"headline\"  >Herzlich willkommen!<\/h1><div class=\"special-heading-border\"><div class=\"special-heading-inner-border\"><\/div><\/div><\/div><br \/>\n<section  class='av_textblock_section av-k6j5ff4r-3f8565c8205041ff2111b1f6d7cddb58'  itemscope=\"itemscope\" itemtype=\"https:\/\/schema.org\/CreativeWork\" ><div class='avia_textblock'  itemprop=\"text\" ><div class=\"csc-header csc-header-n2\">\n<blockquote>\n<p>&#8222;Mit Farbe, die sparsam, aber methodisch und konsequent angewandt wird, kann man eine \u00fcberzeugendere Wirkung erzielen als mit einer Kombination von vielen verschiedenen Farben.&#8220;<\/p>\n<\/blockquote>\n<\/div>\n<p>Mit gr\u00f6\u00dfter Sorgfalt f\u00fchren wir s\u00e4mtliche Maler- und Tapezierarbeiten durch, die Ihren Wohn-, B\u00fcro- oder Gesch\u00e4ftsraum nach Ihren Vorstellungen und W\u00fcnschen versch\u00f6nern. Individuelle Raumgestaltung mit Farbe, Licht und Materialien in allen Facetten, hat Einfluss auf Ihre Stimmung und Ihr seelisches Wohlbefinden.<\/p>\n<p>Lassen Sie sich \u00fcber unterschiedliche Gestaltungsm\u00f6glichkeiten von dekorativen Spachtel- und Veredlungstechniken beraten. Kombinieren Sie Tapeten nach Ihren Anspr\u00fcchen und Ihrem pers\u00f6nlichen Wohnstil.<\/p>\n<p>Gerne berate ich Sie, nach vorheriger Terminvereinbarung, pers\u00f6nlich in meinem Ausstellungsraum in Honsfeld. Hier k\u00f6nnen Sie sich einen \u00dcberblick \u00fcber die Vielfalt unserer Qualit\u00e4tsprodukte verschaffen und gemeinsam finden wir f\u00fcr Sie die perfekte Raumgestaltung.<\/p>\n<p class=\"bodytext\">Auf den folgenden Seiten k\u00f6nnen Sie sich ausf\u00fchrlich \u00fcber meine Dienstleistungen informieren.<br \/>\nZ\u00f6gern Sie nicht, mich f\u00fcr weitere Informationen zu kontaktieren.<\/p>\n<p class=\"bodytext\" style=\"text-align: right;\">Ihr Anstreicher,<br \/>\nMarkus Schleck<\/p>\n<\/div><\/section><\/p><\/div>\n","protected":false},"excerpt":{"rendered":"","protected":false},"author":2,"featured_media":0,"parent":0,"menu_order":1,"comment_status":"closed","ping_status":"closed","template":"","meta":[],"aioseo_notices":[],"_links":{"self":[{"href":"https:\/\/anstrichschleck.be\/cms\/wp-json\/wp\/v2\/pages\/26"}],"collection":[{"href":"https:\/\/anstrichschleck.be\/cms\/wp-json\/wp\/v2\/pages"}],"about":[{"href":"https:\/\/anstrichschleck.be\/cms\/wp-json\/wp\/v2\/types\/page"}],"author":[{"embeddable":true,"href":"https:\/\/anstrichschleck.be\/cms\/wp-json\/wp\/v2\/users\/2"}],"replies":[{"embeddable":true,"href":"https:\/\/anstrichschleck.be\/cms\/wp-json\/wp\/v2\/comments?post=26"}],"version-history":[{"count":21,"href":"https:\/\/anstrichschleck.be\/cms\/wp-json\/wp\/v2\/pages\/26\/revisions"}],"predecessor-version":[{"id":459,"href":"https:\/\/anstrichschleck.be\/cms\/wp-json\/wp\/v2\/pages\/26\/revisions\/459"}],"wp:attachment":[{"href":"https:\/\/anstrichschleck.be\/cms\/wp-json\/wp\/v2\/media?parent=26"}],"curies":[{"name":"wp","href":"https:\/\/api.w.org\/{rel}","templated":true}]}}